{"id":309,"date":"2022-06-02T21:26:36","date_gmt":"2022-06-02T21:26:36","guid":{"rendered":"https:\/\/ifpdonbosco.edu.ar\/?page_id=309"},"modified":"2022-11-29T20:33:31","modified_gmt":"2022-11-29T20:33:31","slug":"profesores","status":"publish","type":"page","link":"https:\/\/ifpdonbosco.edu.ar\/index.php\/profesores\/","title":{"rendered":"Profesores"},"content":{"rendered":"\n<p>El cuerpo de profesores activos y em\u00e9ritos.-<\/p>\n\n\n\n<p>Profesora Licenciada Alejandra Grosso.-<\/p>\n\n\n\n<p>Profesor Ingeniero Luis Moretti.-<\/p>\n\n\n\n<p>Profesor T\u00e9cnico Jorge Uvieta.-<\/p>\n\n\n\n<p>Profesor Ingeniero Hno. Jes\u00fas Urain.-<\/p>\n\n\n\n<p>Profesor Hno. Ariel Fressia.-<\/p>\n\n\n\n<p>Profesor Antonio Fetta.-<\/p>\n\n\n\n<p>Profesora Julieta Possebon.-<\/p>\n\n\n\n<p>Profesor Diego Bibiloni.-<\/p>\n\n\n\n<p>Profesor Hno. Jes\u00fas Ora\u00edn (Espa\u00f1a).-<\/p>\n\n\n\n<p><\/p>\n","protected":false},"excerpt":{"rendered":"<p>El cuerpo de profesores activos y em\u00e9ritos.- Profesora Licenciada Alejandra Grosso.- Profesor Ingeniero Luis Moretti.- Profesor T\u00e9cnico Jorge Uvieta.- Profesor Ingeniero Hno. Jes\u00fas Urain.- Profesor Hno. Ariel Fressia.- Profesor Antonio Fetta.- Profesora Julieta Possebon.- Profesor Diego Bibiloni.- Profesor Hno. Jes\u00fas <a href=\"https:\/\/ifpdonbosco.edu.ar\/index.php\/profesores\/\" class=\"read-more\">Read More &#8230;<\/a><\/p>\n","protected":false},"author":3,"featured_media":0,"parent":0,"menu_order":1,"comment_status":"closed","ping_status":"closed","template":"","meta":{"footnotes":""},"class_list":["post-309","page","type-page","status-publish","hentry"],"_links":{"self":[{"href":"https:\/\/ifpdonbosco.edu.ar\/index.php\/wp-json\/wp\/v2\/pages\/309","targetHints":{"allow":["GET"]}}],"collection":[{"href":"https:\/\/ifpdonbosco.edu.ar\/index.php\/wp-json\/wp\/v2\/pages"}],"about":[{"href":"https:\/\/ifpdonbosco.edu.ar\/index.php\/wp-json\/wp\/v2\/types\/page"}],"author":[{"embeddable":true,"href":"https:\/\/ifpdonbosco.edu.ar\/index.php\/wp-json\/wp\/v2\/users\/3"}],"replies":[{"embeddable":true,"href":"https:\/\/ifpdonbosco.edu.ar\/index.php\/wp-json\/wp\/v2\/comments?post=309"}],"version-history":[{"count":4,"href":"https:\/\/ifpdonbosco.edu.ar\/index.php\/wp-json\/wp\/v2\/pages\/309\/revisions"}],"predecessor-version":[{"id":493,"href":"https:\/\/ifpdonbosco.edu.ar\/index.php\/wp-json\/wp\/v2\/pages\/309\/revisions\/493"}],"wp:attachment":[{"href":"https:\/\/ifpdonbosco.edu.ar\/index.php\/wp-json\/wp\/v2\/media?parent=309"}],"curies":[{"name":"wp","href":"https:\/\/api.w.org\/{rel}","templated":true}]}}