{"id":194,"date":"2022-05-19T17:20:58","date_gmt":"2022-05-19T17:20:58","guid":{"rendered":"https:\/\/ifpdonbosco.edu.ar\/?page_id=194"},"modified":"2024-05-24T21:14:47","modified_gmt":"2024-05-24T21:14:47","slug":"cursos","status":"publish","type":"page","link":"https:\/\/ifpdonbosco.edu.ar\/index.php\/cursos\/","title":{"rendered":"Cursos"},"content":{"rendered":"\n<p class=\"has-green-color has-white-background-color has-text-color has-background\">Ac\u00e1 podr\u00e1s ver los <a href=\"https:\/\/ifpdonbosco.edu.ar\/index.php\/category\/cursos\/\" data-type=\"category\" data-id=\"13\">Cursos<\/a> que se dictan actualmente<\/p>\n\n\n\n<h2 class=\"has-green-color has-text-color has-huge-font-size wp-block-heading\"><strong>Estamos iniciando el nuevo a\u00f1o lectivo 2023  !!!!<\/strong><\/h2>\n\n\n\n<p>No te pierdas nuestros nuevos cursos<\/p>\n\n\n\n<p class=\"has-yellow-color has-text-color has-huge-font-size\"><\/p>\n\n\n\n<p>&#8212;&#8212;&#8212;&#8212;&#8212;&#8212;&#8212;&#8212;&#8212;&#8212;&#8212;&#8212;&#8212;&#8212;&#8212;&#8212;&#8212;&#8212;&#8212;&#8212;&#8212;&#8212;&#8212;&#8212;&#8212;&#8212;&#8212;&#8212;&#8212;&#8212;&#8212;&#8212;&#8212;&#8212;&#8212;&#8212;&#8212;&#8212;&#8212;&#8212;&#8212;&#8212;&#8212;&#8212;&#8212;&#8212;&#8212;&#8212;&#8212;&#8212;&#8212;&#8212;&#8211;<\/p>\n\n\n\n<figure class=\"wp-block-image size-large\"><img loading=\"lazy\" decoding=\"async\" width=\"1024\" height=\"1024\" src=\"https:\/\/ifpdonbosco.edu.ar\/wp-content\/uploads\/2024\/05\/DA01-1024x1024.png\" alt=\"\" class=\"wp-image-596\" srcset=\"https:\/\/ifpdonbosco.edu.ar\/wp-content\/uploads\/2024\/05\/DA01-1024x1024.png 1024w, https:\/\/ifpdonbosco.edu.ar\/wp-content\/uploads\/2024\/05\/DA01-300x300.png 300w, https:\/\/ifpdonbosco.edu.ar\/wp-content\/uploads\/2024\/05\/DA01-150x150.png 150w, https:\/\/ifpdonbosco.edu.ar\/wp-content\/uploads\/2024\/05\/DA01-768x768.png 768w, https:\/\/ifpdonbosco.edu.ar\/wp-content\/uploads\/2024\/05\/DA01-1536x1536.png 1536w, https:\/\/ifpdonbosco.edu.ar\/wp-content\/uploads\/2024\/05\/DA01-2048x2048.png 2048w, https:\/\/ifpdonbosco.edu.ar\/wp-content\/uploads\/2024\/05\/DA01-270x270.png 270w\" sizes=\"auto, (max-width: 1024px) 100vw, 1024px\" \/><\/figure>\n\n\n\n<figure class=\"wp-block-embed is-type-wp-embed is-provider-guayerd wp-block-embed-guayerd\"><div class=\"wp-block-embed__wrapper\">\n<blockquote class=\"wp-embedded-content\" data-secret=\"0Iu3fzOGUn\"><a href=\"https:\/\/www.guayerd.com\/es\/ibm-data-analytics\/\">IBM Data Analytics<\/a><\/blockquote><iframe loading=\"lazy\" class=\"wp-embedded-content\" sandbox=\"allow-scripts\" security=\"restricted\" style=\"position: absolute; clip: rect(1px, 1px, 1px, 1px);\" title=\"&#8220;IBM Data Analytics&#8221; &#8212; Guayerd\" src=\"https:\/\/www.guayerd.com\/es\/ibm-data-analytics\/embed\/#?secret=mQQE9qS3fT#?secret=0Iu3fzOGUn\" data-secret=\"0Iu3fzOGUn\" width=\"600\" height=\"338\" frameborder=\"0\" marginwidth=\"0\" marginheight=\"0\" scrolling=\"no\"><\/iframe>\n<\/div><figcaption><a href=\"https:\/\/porlosjovenes-dot-yamm-track.appspot.com\/24x5ypdbqPLiC_IqNGdiK2zSWRUaXRFsdA_FZqkHLOP-V_TNejwEfCROsELY6rgIvUKPJYKVCCsRDLRCIwcQfj-bBnpWFbgKwX_zhCoDSXd6MfA3SkFtWD5KCOKDNZBUy3a6bnYw1hNHV3enDQbGijGwJ7_2tscckY2Gf7R6wtrS_ct0utz1yiCkhZmZmfIQON7GO4IkG1VUzve8\">https:\/\/porlosjovenes-dot-yamm-track.appspot.com\/24x5ypdbqPLiC_IqNGdiK2zSWRUaXRFsdA_FZqkHLOP-V_TNejwEfCROsELY6rgIvUKPJYKVCCsRDLRCIwcQfj-bBnpWFbgKwX_zhCoDSXd6MfA3SkFtWD5KCOKDNZBUy3a6bnYw1hNHV3enDQbGijGwJ7_2tscckY2Gf7R6wtrS_ct0utz1yiCkhZmZmfIQON7GO4IkG1VUzve8<\/a><\/figcaption><\/figure>\n\n\n\n<p><a href=\"https:\/\/porlosjovenes-dot-yamm-track.appspot.com\/24x5ypdbqPLiC_IqNGdiK2zSWRUaXRFsdA_FZqkHLOP-V_TNejwEfCROsELY6rgIvUKPJYKVCCsRDLRCIwcQfj-bBnpWFbgKwX_zhCoDSXd6MfA3SkFtWD5KCOKDNZBUy3a6bnYw1hNHV3enDQbGijGwJ7_2tscckY2Gf7R6wtrS_ct0utz1yiCkhZmZmfIQON7GO4IkG1VUzve8\">https:\/\/porlosjovenes-dot-yamm-track.appspot.com\/24x5ypdbqPLiC_IqNGdiK2zSWRUaXRFsdA_FZqkHLOP-V_TNejwEfCROsELY6rgIvUKPJYKVCCsRDLRCIwcQfj-bBnpWFbgKwX_zhCoDSXd6MfA3SkFtWD5KCOKDNZBUy3a6bnYw1hNHV3enDQbGijGwJ7_2tscckY2Gf7R6wtrS_ct0utz1yiCkhZmZmfIQON7GO4IkG1VUzve8<\/a><\/p>\n\n\n\n<p><\/p>\n\n\n\n<p><a href=\"https:\/\/porlosjovenes-dot-yamm-track.appspot.com\/2PJz14HZ0_ccnHjvWxs1ZUN3MZgjWQmKVcWIwJxG_uPGa_TNejwHPTWsPCU7eF6dVzxAd9JWlQvpOBgcysAdk3QpZs831PcZpRYcAFIbvEQwKDTLSJrGbJve2AlbZK3p_IQdO-gZYu8b24o8ioJA1XwXwL-7QrV5KrMBtHJ-8fEQYP0YXiDa6l6mJ1qmGfMK_IunTnisBnsjyEvtXABf4QmD-yqO37wT1E8fGYpsCTt9o8PP4wH2bD61QFadf0g\">https:\/\/porlosjovenes-dot-yamm-track.appspot.com\/2PJz14HZ0_ccnHjvWxs1ZUN3MZgjWQmKVcWIwJxG_uPGa_TNejwHPTWsPCU7eF6dVzxAd9JWlQvpOBgcysAdk3QpZs831PcZpRYcAFIbvEQwKDTLSJrGbJve2AlbZK3p_IQdO-gZYu8b24o8ioJA1XwXwL-7QrV5KrMBtHJ-8fEQYP0YXiDa6l6mJ1qmGfMK_IunTnisBnsjyEvtXABf4QmD-yqO37wT1E8fGYpsCTt9o8PP4wH2bD61QFadf0g<\/a><\/p>\n\n\n\n<p><\/p>\n\n\n\n<p><a href=\"https:\/\/chat.whatsapp.com\/FzqkY85JdHE90WLowu9mqy\">Wapp de Posibles Cursos<\/a><\/p>\n\n\n\n<p><\/p>\n\n\n\n<p> <strong><em><a rel=\"noreferrer noopener\" href=\"https:\/\/docs.google.com\/forms\/d\/e\/1FAIpQLSeIcF2DxyVpjeBuXJvtSMQhgOCXDjKweQFbWVuosl_BV3QMBQ\/viewform\" target=\"_blank\">Inscripci\u00f3n<\/a><\/em><\/strong> <\/p>\n\n\n\n<p><\/p>\n\n\n\n<p><\/p>\n\n\n\n<p><\/p>\n\n\n\n<p><\/p>\n\n\n\n<p><\/p>\n\n\n\n<p><\/p>\n","protected":false},"excerpt":{"rendered":"<p>Ac\u00e1 podr\u00e1s ver los Cursos que se dictan actualmente Estamos iniciando el nuevo a\u00f1o lectivo 2023 !!!! No te pierdas nuestros nuevos cursos &#8212;&#8212;&#8212;&#8212;&#8212;&#8212;&#8212;&#8212;&#8212;&#8212;&#8212;&#8212;&#8212;&#8212;&#8212;&#8212;&#8212;&#8212;&#8212;&#8212;&#8212;&#8212;&#8212;&#8212;&#8212;&#8212;&#8212;&#8212;&#8212;&#8212;&#8212;&#8212;&#8212;&#8212;&#8212;&#8212;&#8212;&#8212;&#8212;&#8212;&#8212;&#8212;&#8212;&#8212;&#8212;&#8212;&#8212;&#8212;&#8212;&#8212;&#8212;&#8212;&#8211; https:\/\/porlosjovenes-dot-yamm-track.appspot.com\/24x5ypdbqPLiC_IqNGdiK2zSWRUaXRFsdA_FZqkHLOP-V_TNejwEfCROsELY6rgIvUKPJYKVCCsRDLRCIwcQfj-bBnpWFbgKwX_zhCoDSXd6MfA3SkFtWD5KCOKDNZBUy3a6bnYw1hNHV3enDQbGijGwJ7_2tscckY2Gf7R6wtrS_ct0utz1yiCkhZmZmfIQON7GO4IkG1VUzve8 https:\/\/porlosjovenes-dot-yamm-track.appspot.com\/2PJz14HZ0_ccnHjvWxs1ZUN3MZgjWQmKVcWIwJxG_uPGa_TNejwHPTWsPCU7eF6dVzxAd9JWlQvpOBgcysAdk3QpZs831PcZpRYcAFIbvEQwKDTLSJrGbJve2AlbZK3p_IQdO-gZYu8b24o8ioJA1XwXwL-7QrV5KrMBtHJ-8fEQYP0YXiDa6l6mJ1qmGfMK_IunTnisBnsjyEvtXABf4QmD-yqO37wT1E8fGYpsCTt9o8PP4wH2bD61QFadf0g Wapp de Posibles Cursos Inscripci\u00f3n<\/p>\n","protected":false},"author":3,"featured_media":0,"parent":0,"menu_order":0,"comment_status":"closed","ping_status":"closed","template":"","meta":{"footnotes":""},"class_list":["post-194","page","type-page","status-publish","hentry"],"_links":{"self":[{"href":"https:\/\/ifpdonbosco.edu.ar\/index.php\/wp-json\/wp\/v2\/pages\/194","targetHints":{"allow":["GET"]}}],"collection":[{"href":"https:\/\/ifpdonbosco.edu.ar\/index.php\/wp-json\/wp\/v2\/pages"}],"about":[{"href":"https:\/\/ifpdonbosco.edu.ar\/index.php\/wp-json\/wp\/v2\/types\/page"}],"author":[{"embeddable":true,"href":"https:\/\/ifpdonbosco.edu.ar\/index.php\/wp-json\/wp\/v2\/users\/3"}],"replies":[{"embeddable":true,"href":"https:\/\/ifpdonbosco.edu.ar\/index.php\/wp-json\/wp\/v2\/comments?post=194"}],"version-history":[{"count":37,"href":"https:\/\/ifpdonbosco.edu.ar\/index.php\/wp-json\/wp\/v2\/pages\/194\/revisions"}],"predecessor-version":[{"id":598,"href":"https:\/\/ifpdonbosco.edu.ar\/index.php\/wp-json\/wp\/v2\/pages\/194\/revisions\/598"}],"wp:attachment":[{"href":"https:\/\/ifpdonbosco.edu.ar\/index.php\/wp-json\/wp\/v2\/media?parent=194"}],"curies":[{"name":"wp","href":"https:\/\/api.w.org\/{rel}","templated":true}]}}